{"id":7778,"date":"2016-09-30T07:52:15","date_gmt":"2016-09-30T07:52:15","guid":{"rendered":"https:\/\/cityhillclimb.com\/contact-2\/"},"modified":"2021-07-13T12:06:34","modified_gmt":"2021-07-13T10:06:34","slug":"contact","status":"publish","type":"page","link":"https:\/\/cityhillclimb.com\/en\/contact\/","title":{"rendered":"Contact"},"content":{"rendered":"<section class=\"l-section wpb_row height_custom\"><div class=\"l-section-h i-cf\"><div class=\"g-cols vc_row via_flex valign_top type_default stacking_default\"><div class=\"vc_col-sm-6 wpb_column vc_column_container\"><div class=\"vc_column-inner\"><div class=\"wpb_wrapper\"><div class=\"wpb_text_column\"><div class=\"wpb_wrapper\"><h3>Phone<\/h3>\n<p><strong>+43 676 3047584<\/strong><\/p>\n<h3>Office<\/h3>\n<p><strong>Gerhard Sch\u00f6nbacher<br \/>\n<\/strong>S\u00fcdtiroler Stra\u00dfe 13a<br \/>\n8600 Bruck an der Mur<br \/>\n<a href=\"mailto:schoenbacher@croc.at\">schoenbacher@croc.at<\/a><\/p>\n<\/div><\/div><\/div><\/div><\/div><div class=\"vc_col-sm-6 wpb_column vc_column_container\"><div class=\"vc_column-inner\"><div class=\"wpb_wrapper\"><div class=\"wpb_text_column\"><div class=\"wpb_wrapper\"><h3>Let&#8217;s talk!<\/h3>\n<\/div><\/div><div class=\"w-separator size_small\"><\/div><form class=\"w-form  layout_ver for_cform us_form_1\" autocomplete=\"off\" action=\"https:\/\/cityhillclimb.com\/en\/wp-json\/wp\/v2\/pages\/7778\" method=\"post\"><div class=\"w-form-h\"><div class=\"w-form-row for_text required with_icon\">\r\n\t\t<div class=\"w-form-row-field\">\r\n\t\t\t\t<i class=\"far fa-envelope\"><\/i>\t\t<input aria-label=\"E-Mail Adresse\" type=\"text\" name=\"us_form_1_text_1\" value placeholder=\"E-Mail Adresse *\" data-required=\"true\" aria-required=\"true\"\/>\r\n\t\t\t<\/div>\r\n\t\t<div class=\"w-form-row-state\">Fill out this field<\/div>\r\n<\/div>\r\n<div class=\"w-form-row for_text with_icon\">\r\n\t\t<div class=\"w-form-row-field\">\r\n\t\t\t\t<i class=\"far fa-phone\"><\/i>\t\t<input aria-label=\"Telefonnummer\" inputmode=\"tel\" type=\"text\" name=\"us_form_1_text_2\" value placeholder=\"Telefonnummer\"\/>\r\n\t\t\t<\/div>\r\n\t\t<div class=\"w-form-row-state\">Fill out this field<\/div>\r\n<\/div>\r\n<div class=\"w-form-row for_textarea required with_icon\">\r\n\t\t<div class=\"w-form-row-field\">\r\n\t\t\t\t<i class=\"far fa-pencil\"><\/i>\t\t<textarea aria-label=\"Nachricht\" name=\"us_form_1_textarea_1\" placeholder=\"Nachricht *\" data-required=\"true\" aria-required=\"true\"><\/textarea>\r\n\t\t\t<\/div>\r\n\t\t<div class=\"w-form-row-state\">Fill out this field<\/div>\r\n<\/div>\r\n<input type=\"hidden\" name=\"action\" value=\"us_ajax_cform\" \/>\r\n<input type=\"hidden\" name=\"post_id\" value=\"0\" \/>\r\n<input type=\"hidden\" name=\"form_index\" value=\"1\" \/>\r\n<div class=\"w-form-row for_submit  align_none\">\r\n\t<button class=\"w-btn  us-btn-style_1\" aria-label=\"send\" type=\"submit\">\r\n\t\t<span class=\"g-preloader type_1\"><\/span>\r\n\t\t\t\t<span class=\"w-btn-label\">send<\/span>\r\n\t\t\t<\/button>\r\n\t<\/div>\r\n<\/div><div class=\"w-form-message\"><\/div><div class=\"w-form-json hidden\" onclick='return {&quot;ajaxurl&quot;:&quot;https:\\\/\\\/cityhillclimb.com\\\/wp-admin\\\/admin-ajax.php&quot;,&quot;messages&quot;:{&quot;err_empty&quot;:&quot;Fill out this field&quot;,&quot;err_size&quot;:&quot;File size cannot exceed %s MB&quot;,&quot;err_extension&quot;:&quot;%s file type is not allowed&quot;}}'><\/div><\/form><\/div><\/div><\/div><\/div><\/div><\/section><section class=\"l-section wpb_row height_custom\"><div class=\"l-section-h i-cf\"><div class=\"g-cols vc_row via_flex valign_top type_default stacking_default\"><div class=\"vc_col-sm-12 wpb_column vc_column_container\"><div class=\"vc_column-inner\"><div class=\"wpb_wrapper\"><div class=\"w-map provider_osm us_custom_2eb1a079\" id=\"us_map_1\"><div class=\"w-map-json\" onclick='return {&quot;address&quot;:&quot;Kuchlturm Salzburg&quot;,&quot;zoom&quot;:17,&quot;hideControls&quot;:0,&quot;disableZoom&quot;:0,&quot;disableDragging&quot;:0,&quot;markers&quot;:[{&quot;address&quot;:&quot;Kuchlturm Salzburg&quot;,&quot;html&quot;:&quot;&lt;h6&gt;Hallo!&lt;\\\/h6&gt;&lt;p&gt;Wir freuen uns dich am Start begr\\u00fc\\u00dfen zu d\\u00fcrfen.&lt;\\\/p&gt;&quot;,&quot;infowindow&quot;:0},{&quot;address&quot;:&quot;Kapitelplatz Salzburg&quot;,&quot;html&quot;:&quot;START&quot;,&quot;marker_img&quot;:null,&quot;marker_size&quot;:[&quot;30&quot;,&quot;30&quot;]}],&quot;style&quot;:&quot;https:\\\/\\\/{s}.tile.openstreetmap.org\\\/{z}\\\/{x}\\\/{y}.png&quot;}'><\/div><\/div><\/div><\/div><\/div><\/div><\/div><\/section>\n","protected":false},"excerpt":{"rendered":"Phone +43 676 3047584 Office Gerhard Sch\u00f6nbacher S\u00fcdtiroler Stra\u00dfe 13a 8600 Bruck an der Mur schoenbacher@croc.at Let&#8217;s talk! Fill out this field Fill out this field Fill out this field send","protected":false},"author":1,"featured_media":0,"parent":0,"menu_order":50,"comment_status":"closed","ping_status":"closed","template":"","meta":{"footnotes":""},"class_list":["post-7778","page","type-page","status-publish","hentry"],"_links":{"self":[{"href":"https:\/\/cityhillclimb.com\/en\/wp-json\/wp\/v2\/pages\/7778","targetHints":{"allow":["GET"]}}],"collection":[{"href":"https:\/\/cityhillclimb.com\/en\/wp-json\/wp\/v2\/pages"}],"about":[{"href":"https:\/\/cityhillclimb.com\/en\/wp-json\/wp\/v2\/types\/page"}],"author":[{"embeddable":true,"href":"https:\/\/cityhillclimb.com\/en\/wp-json\/wp\/v2\/users\/1"}],"replies":[{"embeddable":true,"href":"https:\/\/cityhillclimb.com\/en\/wp-json\/wp\/v2\/comments?post=7778"}],"version-history":[{"count":4,"href":"https:\/\/cityhillclimb.com\/en\/wp-json\/wp\/v2\/pages\/7778\/revisions"}],"predecessor-version":[{"id":7825,"href":"https:\/\/cityhillclimb.com\/en\/wp-json\/wp\/v2\/pages\/7778\/revisions\/7825"}],"wp:attachment":[{"href":"https:\/\/cityhillclimb.com\/en\/wp-json\/wp\/v2\/media?parent=7778"}],"curies":[{"name":"wp","href":"https:\/\/api.w.org\/{rel}","templated":true}]}}